{"id":68,"date":"2024-03-05T11:19:45","date_gmt":"2024-03-05T11:19:45","guid":{"rendered":"http:\/\/localhost:10043\/?page_id=68"},"modified":"2026-03-15T06:14:55","modified_gmt":"2026-03-15T06:14:55","slug":"uber-uns","status":"publish","type":"page","link":"https:\/\/giernhof.com\/it\/uber-uns\/","title":{"rendered":"Chi siamo"},"content":{"rendered":"<div class=\"wp-block-stackable-columns alignfull stk-block-columns stk-block stk-d14ee42 stk-block-background stk--has-background-overlay\" data-block-id=\"d14ee42\"><style>.stk-d14ee42 {background-color:linear-gradient(180deg,rgb(214,221,212) 55%,rgb(255,255,255) 55%) !important;padding-top:0px !important;padding-right:50px !important;padding-bottom:0px !important;padding-left:50px !important;margin-bottom:0px !important;}.stk-d14ee42:before{background-image:linear-gradient(180deg,rgb(214,221,212) 55%,rgb(255,255,255) 55%) !important;}@media screen and (max-width:1029px){.stk-d14ee42 {padding-top:0px !important;padding-right:20px !important;padding-left:20px !important;}}@media screen and (max-width:759px){.stk-d14ee42 {padding-top:0px !important;padding-right:0px !important;padding-bottom:0px !important;padding-left:0px !important;}}<\/style><div class=\"stk-row stk-inner-blocks stk-block-content stk-content-align stk-d14ee42-column alignfull\">\n<div class=\"wp-block-stackable-column stk-block-column stk-column stk-block stk-fc885e4 stk-block-background stk--has-background-overlay\" data-v=\"4\" data-block-id=\"fc885e4\"><style>.stk-fc885e4-inner-blocks{justify-content:center !important;}.stk-fc885e4 {background-image:url(https:\/\/giernhof.com\/wp-content\/uploads\/2024\/03\/giernhof-images-19-scaled.jpg) !important;padding-top:20px !important;padding-right:70px !important;padding-bottom:20px !important;padding-left:70px !important;}.stk-fc885e4:before{background-color:#000000 !important;opacity:0.3 !important;}.stk-fc885e4-container{min-height:25vh !important;}@media screen and (max-width:1029px){.stk-fc885e4 {padding-right:45px !important;padding-bottom:40px !important;padding-left:45px !important;}.stk-fc885e4-container{min-height:220px !important;}}@media screen and (max-width:759px){.stk-fc885e4-inner-blocks{justify-content:center !important;}.stk-fc885e4 {padding-top:0px !important;padding-right:0px !important;padding-bottom:0px !important;padding-left:0px !important;}.stk-fc885e4-container{min-height:200px !important;}}<\/style><div class=\"stk-column-wrapper stk-block-column__content stk-container stk-fc885e4-container stk--no-background stk--no-padding\"><div class=\"has-text-align-left stk--column-flex stk-block-content stk-inner-blocks stk-fc885e4-inner-blocks\">\n<div class=\"wp-block-stackable-heading stk-block-heading stk-block-heading--v2 stk-block stk-08160e3\" id=\"uber-uns\" data-block-id=\"08160e3\"><style>.stk-08160e3 .stk-block-heading__text{color:var(--theme-palette-color-1, #ffffff) !important;}@media screen and (max-width:1029px){.stk-08160e3 .stk-block-heading__text{line-height:0.9em !important;}}@media screen and (max-width:759px){.stk-08160e3 .stk-block-heading__text{line-height:1em !important;}}<\/style><h1 class=\"stk-block-heading__text has-text-color has-text-align-center\">Chi siamo<\/h1><\/div>\n<\/div><\/div><\/div>\n<\/div><\/div>\n\n\n\n<div class=\"wp-block-stackable-heading stk-block-heading stk-block-heading--v2 stk-block stk-317418a\" id=\"ihre-gastgeber\" data-block-id=\"317418a\"><style>.stk-317418a {margin-top:70px !important;margin-bottom:0px !important;z-index:2 !important;}.stk-317418a .stk-block-heading__text{font-size:35px !important;color:var(--theme-palette-color-5, #000000) !important;font-weight:500 !important;font-family:\"Kalam\", Sans-serif !important;letter-spacing:0.8px !important;}@media screen and (max-width:1029px){.stk-317418a .stk-block-heading__text{font-size:35px !important;}}@media screen and (max-width:759px){.stk-317418a {padding-right:20px !important;padding-left:20px !important;margin-top:50px !important;}.stk-317418a .stk-block-heading__text{font-size:38px !important;}}<\/style><h2 class=\"stk-block-heading__text has-text-color has-text-align-center\">I vostri ospiti<\/h2><\/div>\n\n\n\n<div class=\"wp-block-stackable-divider stk-block-divider has-text-align-center stk-block stk-9ccd554\" data-block-id=\"9ccd554\"><style>.stk-9ccd554 hr.stk-block-divider__hr{background:var(--theme-palette-color-2, #D6DDD4) !important;height:15px !important;width:13% !important;}.stk-9ccd554 {max-width:100% !important;min-width:auto !important;padding-top:0px !important;padding-right:0px !important;padding-bottom:0px !important;padding-left:0px !important;margin-top:-26px !important;margin-right:0px !important;margin-bottom:0px !important;margin-left:0px !important;}@media screen and (max-width:1029px){.stk-9ccd554 hr.stk-block-divider__hr{width:25% !important;}}@media screen and (max-width:759px){.stk-9ccd554 hr.stk-block-divider__hr{width:72% !important;}.stk-9ccd554 {margin-top:-26px !important;}}<\/style><hr class=\"stk-block-divider__hr\"\/><\/div>\n\n\n\n<div class=\"wp-block-stackable-text stk-block-text stk-block stk-29bbad7\" data-block-id=\"29bbad7\"><style>.stk-29bbad7 {max-width:650px !important;min-width:auto !important;margin-top:50px !important;margin-right:auto !important;margin-bottom:0px !important;margin-left:auto !important;}.stk-29bbad7 .stk-block-text__text{font-size:23px !important;color:var(--theme-palette-color-5, #000000) !important;line-height:1.5em !important;font-weight:500 !important;font-family:\"Kalam\", Sans-serif !important;letter-spacing:0.8px !important;}@media screen and (max-width:1029px){.stk-29bbad7 .stk-block-text__text{font-size:23px !important;}}@media screen and (max-width:759px){.stk-29bbad7 {padding-right:20px !important;padding-left:20px !important;margin-top:45px !important;}.stk-29bbad7 .stk-block-text__text{font-size:19px !important;line-height:1.2em !important;}}<\/style><p class=\"stk-block-text__text has-text-color has-text-align-center\">Wir &#8211; Kathrin &amp; Georg mit Familie &#8211; freuen uns, Sie auf unserem Wohlf\u00fchlbauernhof begr\u00fc\u00dfen zu d\u00fcrfen und w\u00fcnschen Ihnen eine entspannte und erholsame Auszeit.<br><\/p><\/div>\n\n\n\n<div class=\"wp-block-stackable-text stk-block-text stk-block stk-f8faa79\" data-block-id=\"f8faa79\"><style>.stk-f8faa79 {max-width:660px !important;min-width:auto !important;margin-top:20px !important;margin-right:auto !important;margin-bottom:0px !important;margin-left:auto !important;}.stk-f8faa79 .stk-block-text__text{font-size:23px !important;color:var(--theme-palette-color-5, #000000) !important;line-height:1.5em !important;font-family:\"Kalam\", Sans-serif !important;letter-spacing:0.8px !important;}@media screen and (max-width:1029px){.stk-f8faa79 .stk-block-text__text{font-size:23px !important;}}@media screen and (max-width:759px){.stk-f8faa79 {padding-right:20px !important;padding-left:20px !important;margin-top:15px !important;}.stk-f8faa79 .stk-block-text__text{font-size:19px !important;line-height:1.2em !important;}}<\/style><p class=\"stk-block-text__text has-text-color has-text-align-center\">Il nostro amore per l'agricoltura tradizionale, abbinato a confortevoli\nappartamenti per le vacanze e un'ottima cucina casalinga unica nel suo\ngenere di altoatesina , ci ha portato come famiglia ad intraprendere questa strada turistica.<\/p><\/div>\n\n\n\n<div class=\"wp-block-stackable-divider stk-block-divider stk-block stk-67dc517\" data-block-id=\"67dc517\"><style>.stk-67dc517 hr.stk-block-divider__hr{background:var(--theme-palette-color-4, #436947) !important;height:2px !important;width:4% !important;}.stk-67dc517 {margin-top:30px !important;margin-bottom:45px !important;}@media screen and (max-width:759px){.stk-67dc517 hr.stk-block-divider__hr{width:9% !important;}}<\/style><hr class=\"stk-block-divider__hr\"\/><\/div>\n\n\n\n<div class=\"wp-block-stackable-heading stk-block-heading stk-block-heading--v2 stk-block stk-041c8f6\" id=\"was-uns-am-herzen-liegt\" data-block-id=\"041c8f6\"><style>.stk-041c8f6 .stk-block-heading__text{font-size:25px !important;color:var(--theme-palette-color-5, #000000) !important;font-weight:normal !important;font-family:\"Kalam\", Sans-serif !important;letter-spacing:0.8px !important;}@media screen and (max-width:1029px){.stk-041c8f6 .stk-block-heading__text{font-size:25px !important;}}@media screen and (max-width:759px){.stk-041c8f6 {margin-bottom:22px !important;}.stk-041c8f6 .stk-block-heading__text{font-size:25px !important;}}<\/style><h2 class=\"stk-block-heading__text has-text-color has-text-align-center\">Cosa \u00e8 importante per noi:<\/h2><\/div>\n\n\n\n<div class=\"wp-block-stackable-heading stk-block-heading stk-block-heading--v2 stk-block stk-01c17aa stk-block-background\" id=\"ein-leben-im-einklang-mit-der-natur\" data-block-id=\"01c17aa\"><style>.stk-01c17aa {background-color:var(--theme-palette-color-4, #436947) !important;box-shadow:3px 5px 5px 0px #0000003d !important;max-width:404px !important;min-width:auto !important;padding-top:10px !important;padding-right:0px !important;padding-bottom:5px !important;padding-left:0px !important;margin-right:auto !important;margin-bottom:15px !important;margin-left:auto !important;}.stk-01c17aa:before{background-color:var(--theme-palette-color-4, #436947) !important;}.stk-01c17aa .stk-block-heading__text{font-size:20px !important;color:var(--theme-palette-color-1, #ffffff) !important;font-weight:normal !important;font-family:\"Kalam\", Sans-serif !important;letter-spacing:0.8px !important;}@media screen and (max-width:1029px){.stk-01c17aa .stk-block-heading__text{font-size:20px !important;}}@media screen and (max-width:759px){.stk-01c17aa {max-width:335px !important;min-width:auto !important;}.stk-01c17aa .stk-block-heading__text{font-size:17px !important;}}<\/style><h2 class=\"stk-block-heading__text has-text-color has-text-align-center\">Una vita in armonia con la natura.<\/h2><\/div>\n\n\n\n<div class=\"wp-block-stackable-heading stk-block-heading stk-block-heading--v2 stk-block stk-6102981 stk-block-background\" id=\"dass-der-giernhof-ein-wohlfuhlort-ist\" data-block-id=\"6102981\"><style>.stk-6102981 {background-color:var(--theme-palette-color-4, #436947) !important;box-shadow:3px 5px 5px 0px #0000003d !important;max-width:399px !important;min-width:auto !important;padding-top:10px !important;padding-right:0px !important;padding-bottom:5px !important;padding-left:0px !important;margin-right:auto !important;margin-bottom:16px !important;margin-left:auto !important;}.stk-6102981:before{background-color:var(--theme-palette-color-4, #436947) !important;}.stk-6102981 .stk-block-heading__text{font-size:20px !important;color:var(--theme-palette-color-1, #ffffff) !important;font-weight:normal !important;font-family:\"Kalam\", Sans-serif !important;letter-spacing:0.8px !important;}@media screen and (max-width:1029px){.stk-6102981 .stk-block-heading__text{font-size:20px !important;}}@media screen and (max-width:759px){.stk-6102981 {max-width:358px !important;min-width:auto !important;}.stk-6102981 .stk-block-heading__text{font-size:17px !important;}}<\/style><h2 class=\"stk-block-heading__text has-text-color has-text-align-center\">Che il nostro maso giernhof \u00e8 un luogo di benessere.<\/h2><\/div>\n\n\n\n<div class=\"wp-block-stackable-heading stk-block-heading stk-block-heading--v2 stk-block stk-5c105fe stk-block-background\" id=\"hohe-qualitat-bei-den-hofeigenen-produkten-und-speisen\" data-block-id=\"5c105fe\"><style>.stk-5c105fe {background-color:var(--theme-palette-color-4, #436947) !important;box-shadow:3px 5px 5px 0px #0000003d !important;max-width:387px !important;min-width:auto !important;padding-top:10px !important;padding-right:0px !important;padding-bottom:5px !important;padding-left:0px !important;margin-right:auto !important;margin-bottom:0px !important;margin-left:auto !important;}.stk-5c105fe:before{background-color:var(--theme-palette-color-4, #436947) !important;}.stk-5c105fe .stk-block-heading__text{font-size:20px !important;color:var(--theme-palette-color-1, #ffffff) !important;font-weight:normal !important;font-family:\"Kalam\", Sans-serif !important;letter-spacing:0.8px !important;}@media screen and (max-width:1029px){.stk-5c105fe .stk-block-heading__text{font-size:20px !important;}}@media screen and (max-width:759px){.stk-5c105fe {max-width:290px !important;min-width:auto !important;padding-right:25px !important;padding-left:25px !important;}.stk-5c105fe .stk-block-heading__text{font-size:17px !important;}}<\/style><h2 class=\"stk-block-heading__text has-text-color has-text-align-center\">Alta qualit\u00e0 dei prodotti e dei piatti della nostra fattoria.<\/h2><\/div>\n\n\n\n<div class=\"wp-block-stackable-columns alignfull stk-block-columns stk-block stk-ca37c95 stk-block-background stk--has-background-overlay\" data-block-id=\"ca37c95\"><style>.stk-ca37c95 {background-image:url(https:\/\/giernhof.com\/wp-content\/uploads\/2024\/03\/giernhof-images-14-scaled.jpg) !important;background-position:center center !important;background-repeat:no-repeat !important;background-size:cover !important;min-height:347px !important;margin-top:80px !important;margin-bottom:0px !important;}@media screen and (max-width:1029px){.stk-ca37c95 {min-height:286px !important;}}@media screen and (max-width:759px){.stk-ca37c95 {min-height:161px !important;margin-top:50px !important;}}<\/style><div class=\"stk-row stk-inner-blocks stk-block-content stk-content-align stk-ca37c95-column alignfull\">\n<div class=\"wp-block-stackable-column stk-block-column stk-column stk-block stk-aa24376\" data-v=\"4\" data-block-id=\"aa24376\"><div class=\"stk-column-wrapper stk-block-column__content stk-container stk-aa24376-container stk--no-background stk--no-padding\"><div class=\"stk-block-content stk-inner-blocks stk-aa24376-inner-blocks\"><\/div><\/div><\/div>\n<\/div><\/div>","protected":false},"excerpt":{"rendered":"<p>\u00dcber uns Ihre Gastgeber Wir &#8211; Kathrin &amp; Georg mit Familie &#8211; freuen uns, Sie auf unserem Wohlf\u00fchlbauernhof begr\u00fc\u00dfen zu d\u00fcrfen und w\u00fcnschen Ihnen eine entspannte und erholsame Auszeit. Die Liebe zur traditionellen b\u00e4uerlichen Landwirtschaft kombiniert mit wundersch\u00f6nen Ferienwohnungen und einzigartigem Hofschank veranlasste uns als Familie diesen Weg zu gehen. Hier m\u00f6chten wir Sie ein [&hellip;]<\/p>\n","protected":false},"author":2,"featured_media":0,"parent":0,"menu_order":0,"comment_status":"closed","ping_status":"closed","template":"","meta":{"footnotes":""},"class_list":["post-68","page","type-page","status-publish","hentry"],"blocksy_meta":[],"yoast_head":"<!-- This site is optimized with the Yoast SEO plugin v27.2 - https:\/\/yoast.com\/product\/yoast-seo-wordpress\/ -->\n<title>\u00dcber Uns - Giernhof am Reschensee<\/title>\n<meta name=\"robots\" content=\"index, follow, max-snippet:-1, max-image-preview:large, max-video-preview:-1\" \/>\n<link rel=\"canonical\" href=\"https:\/\/giernhof.com\/it\/uber-uns\/\" \/>\n<meta property=\"og:locale\" content=\"it_IT\" \/>\n<meta property=\"og:type\" content=\"article\" \/>\n<meta property=\"og:title\" content=\"\u00dcber Uns - Giernhof am Reschensee\" \/>\n<meta property=\"og:description\" content=\"\u00dcber uns Ihre Gastgeber Wir &#8211; Kathrin &amp; Georg mit Familie &#8211; freuen uns, Sie auf unserem Wohlf\u00fchlbauernhof begr\u00fc\u00dfen zu d\u00fcrfen und w\u00fcnschen Ihnen eine entspannte und erholsame Auszeit. Die Liebe zur traditionellen b\u00e4uerlichen Landwirtschaft kombiniert mit wundersch\u00f6nen Ferienwohnungen und einzigartigem Hofschank veranlasste uns als Familie diesen Weg zu gehen. Hier m\u00f6chten wir Sie ein [&hellip;]\" \/>\n<meta property=\"og:url\" content=\"https:\/\/giernhof.com\/it\/uber-uns\/\" \/>\n<meta property=\"og:site_name\" content=\"Giernhof am Reschensee\" \/>\n<meta property=\"article:publisher\" content=\"https:\/\/www.facebook.com\/giernhof\/\" \/>\n<meta property=\"article:modified_time\" content=\"2026-03-15T06:14:55+00:00\" \/>\n<meta name=\"twitter:card\" content=\"summary_large_image\" \/>\n<meta name=\"twitter:label1\" content=\"Tempo di lettura stimato\" \/>\n\t<meta name=\"twitter:data1\" content=\"1 minuto\" \/>\n<script type=\"application\/ld+json\" class=\"yoast-schema-graph\">{\"@context\":\"https:\/\/schema.org\",\"@graph\":[{\"@type\":\"WebPage\",\"@id\":\"https:\/\/giernhof.com\/uber-uns\/\",\"url\":\"https:\/\/giernhof.com\/uber-uns\/\",\"name\":\"\u00dcber Uns - Giernhof am Reschensee\",\"isPartOf\":{\"@id\":\"https:\/\/giernhof.com\/it\/#website\"},\"datePublished\":\"2024-03-05T11:19:45+00:00\",\"dateModified\":\"2026-03-15T06:14:55+00:00\",\"breadcrumb\":{\"@id\":\"https:\/\/giernhof.com\/uber-uns\/#breadcrumb\"},\"inLanguage\":\"it-IT\",\"potentialAction\":[{\"@type\":\"ReadAction\",\"target\":[\"https:\/\/giernhof.com\/uber-uns\/\"]}]},{\"@type\":\"BreadcrumbList\",\"@id\":\"https:\/\/giernhof.com\/uber-uns\/#breadcrumb\",\"itemListElement\":[{\"@type\":\"ListItem\",\"position\":1,\"name\":\"Startseite\",\"item\":\"https:\/\/giernhof.com\/\"},{\"@type\":\"ListItem\",\"position\":2,\"name\":\"\u00dcber Uns\"}]},{\"@type\":\"WebSite\",\"@id\":\"https:\/\/giernhof.com\/it\/#website\",\"url\":\"https:\/\/giernhof.com\/it\/\",\"name\":\"Giernhof am Reschensee\",\"description\":\"Erlebnisreicher Urlaub in idyllischer Bergkulisse\",\"publisher\":{\"@id\":\"https:\/\/giernhof.com\/it\/#organization\"},\"potentialAction\":[{\"@type\":\"SearchAction\",\"target\":{\"@type\":\"EntryPoint\",\"urlTemplate\":\"https:\/\/giernhof.com\/it\/?s={search_term_string}\"},\"query-input\":{\"@type\":\"PropertyValueSpecification\",\"valueRequired\":true,\"valueName\":\"search_term_string\"}}],\"inLanguage\":\"it-IT\"},{\"@type\":\"Organization\",\"@id\":\"https:\/\/giernhof.com\/it\/#organization\",\"name\":\"Giernhof am Reschensee\",\"url\":\"https:\/\/giernhof.com\/it\/\",\"logo\":{\"@type\":\"ImageObject\",\"inLanguage\":\"it-IT\",\"@id\":\"https:\/\/giernhof.com\/it\/#\/schema\/logo\/image\/\",\"url\":\"https:\/\/giernhof.com\/wp-content\/uploads\/2024\/10\/favicon-giernhof-1.png\",\"contentUrl\":\"https:\/\/giernhof.com\/wp-content\/uploads\/2024\/10\/favicon-giernhof-1.png\",\"width\":512,\"height\":512,\"caption\":\"Giernhof am Reschensee\"},\"image\":{\"@id\":\"https:\/\/giernhof.com\/it\/#\/schema\/logo\/image\/\"},\"sameAs\":[\"https:\/\/www.facebook.com\/giernhof\/\",\"https:\/\/www.instagram.com\/giernhof\"]}]}<\/script>\n<!-- \/ Yoast SEO plugin. -->","yoast_head_json":{"title":"\u00dcber Uns - Giernhof am Reschensee","robots":{"index":"index","follow":"follow","max-snippet":"max-snippet:-1","max-image-preview":"max-image-preview:large","max-video-preview":"max-video-preview:-1"},"canonical":"https:\/\/giernhof.com\/it\/uber-uns\/","og_locale":"it_IT","og_type":"article","og_title":"\u00dcber Uns - Giernhof am Reschensee","og_description":"\u00dcber uns Ihre Gastgeber Wir &#8211; Kathrin &amp; Georg mit Familie &#8211; freuen uns, Sie auf unserem Wohlf\u00fchlbauernhof begr\u00fc\u00dfen zu d\u00fcrfen und w\u00fcnschen Ihnen eine entspannte und erholsame Auszeit. Die Liebe zur traditionellen b\u00e4uerlichen Landwirtschaft kombiniert mit wundersch\u00f6nen Ferienwohnungen und einzigartigem Hofschank veranlasste uns als Familie diesen Weg zu gehen. Hier m\u00f6chten wir Sie ein [&hellip;]","og_url":"https:\/\/giernhof.com\/it\/uber-uns\/","og_site_name":"Giernhof am Reschensee","article_publisher":"https:\/\/www.facebook.com\/giernhof\/","article_modified_time":"2026-03-15T06:14:55+00:00","twitter_card":"summary_large_image","twitter_misc":{"Tempo di lettura stimato":"1 minuto"},"schema":{"@context":"https:\/\/schema.org","@graph":[{"@type":"WebPage","@id":"https:\/\/giernhof.com\/uber-uns\/","url":"https:\/\/giernhof.com\/uber-uns\/","name":"\u00dcber Uns - Giernhof am Reschensee","isPartOf":{"@id":"https:\/\/giernhof.com\/it\/#website"},"datePublished":"2024-03-05T11:19:45+00:00","dateModified":"2026-03-15T06:14:55+00:00","breadcrumb":{"@id":"https:\/\/giernhof.com\/uber-uns\/#breadcrumb"},"inLanguage":"it-IT","potentialAction":[{"@type":"ReadAction","target":["https:\/\/giernhof.com\/uber-uns\/"]}]},{"@type":"BreadcrumbList","@id":"https:\/\/giernhof.com\/uber-uns\/#breadcrumb","itemListElement":[{"@type":"ListItem","position":1,"name":"Startseite","item":"https:\/\/giernhof.com\/"},{"@type":"ListItem","position":2,"name":"\u00dcber Uns"}]},{"@type":"WebSite","@id":"https:\/\/giernhof.com\/it\/#website","url":"https:\/\/giernhof.com\/it\/","name":"Giernhof am Reschensee","description":"Una vacanza ricca di eventi in un ambiente naturalistico","publisher":{"@id":"https:\/\/giernhof.com\/it\/#organization"},"potentialAction":[{"@type":"SearchAction","target":{"@type":"EntryPoint","urlTemplate":"https:\/\/giernhof.com\/it\/?s={search_term_string}"},"query-input":{"@type":"PropertyValueSpecification","valueRequired":true,"valueName":"search_term_string"}}],"inLanguage":"it-IT"},{"@type":"Organization","@id":"https:\/\/giernhof.com\/it\/#organization","name":"Giernhof am Reschensee","url":"https:\/\/giernhof.com\/it\/","logo":{"@type":"ImageObject","inLanguage":"it-IT","@id":"https:\/\/giernhof.com\/it\/#\/schema\/logo\/image\/","url":"https:\/\/giernhof.com\/wp-content\/uploads\/2024\/10\/favicon-giernhof-1.png","contentUrl":"https:\/\/giernhof.com\/wp-content\/uploads\/2024\/10\/favicon-giernhof-1.png","width":512,"height":512,"caption":"Giernhof am Reschensee"},"image":{"@id":"https:\/\/giernhof.com\/it\/#\/schema\/logo\/image\/"},"sameAs":["https:\/\/www.facebook.com\/giernhof\/","https:\/\/www.instagram.com\/giernhof"]}]}},"_links":{"self":[{"href":"https:\/\/giernhof.com\/it\/wp-json\/wp\/v2\/pages\/68","targetHints":{"allow":["GET"]}}],"collection":[{"href":"https:\/\/giernhof.com\/it\/wp-json\/wp\/v2\/pages"}],"about":[{"href":"https:\/\/giernhof.com\/it\/wp-json\/wp\/v2\/types\/page"}],"author":[{"embeddable":true,"href":"https:\/\/giernhof.com\/it\/wp-json\/wp\/v2\/users\/2"}],"replies":[{"embeddable":true,"href":"https:\/\/giernhof.com\/it\/wp-json\/wp\/v2\/comments?post=68"}],"version-history":[{"count":46,"href":"https:\/\/giernhof.com\/it\/wp-json\/wp\/v2\/pages\/68\/revisions"}],"predecessor-version":[{"id":4334,"href":"https:\/\/giernhof.com\/it\/wp-json\/wp\/v2\/pages\/68\/revisions\/4334"}],"wp:attachment":[{"href":"https:\/\/giernhof.com\/it\/wp-json\/wp\/v2\/media?parent=68"}],"curies":[{"name":"wp","href":"https:\/\/api.w.org\/{rel}","templated":true}]}}