{"id":2188,"date":"2024-05-03T19:44:20","date_gmt":"2024-05-03T19:44:20","guid":{"rendered":"http:\/\/localhost:10043\/?page_id=2188"},"modified":"2024-05-03T19:51:57","modified_gmt":"2024-05-03T19:51:57","slug":"rechtliches-agb","status":"publish","type":"page","link":"https:\/\/giernhof.com\/it\/rechtliches-agb\/","title":{"rendered":"Disclaimer Condizioni"},"content":{"rendered":"<div class=\"wp-block-stackable-columns stk-block-columns stk-block stk-01b4cc3\" data-block-id=\"01b4cc3\"><style>.stk-01b4cc3{margin-top:80px !important;margin-bottom:60px !important}.stk-01b4cc3-column{max-width:1100px !important}@media screen and (max-width:1029px){.stk-01b4cc3{margin-right:20px !important;margin-left:20px !important}}<\/style><div class=\"stk-row stk-inner-blocks stk-block-content stk-content-align stk-01b4cc3-column\">\n<div class=\"wp-block-stackable-column stk-block-column stk-column stk-block stk-6dcc30e\" data-v=\"4\" data-block-id=\"6dcc30e\"><div class=\"stk-column-wrapper stk-block-column__content stk-container stk-6dcc30e-container stk--no-background stk--no-padding\"><div class=\"stk-block-content stk-inner-blocks stk-6dcc30e-inner-blocks\">\n<div class=\"wp-block-stackable-heading stk-block-heading stk-block-heading--v2 stk-block stk-36fb581\" id=\"datenschutzaufklarung\" data-block-id=\"36fb581\"><style>.stk-36fb581{margin-bottom:16px !important}.stk-36fb581 .stk-block-heading__text{color:var(--theme-palette-color-5,#000000) !important}<\/style><h2 class=\"stk-block-heading__text has-text-color\">Datenschutzaufkl\u00e4rung<\/h2><\/div>\n\n\n\n<div class=\"wp-block-stackable-heading stk-block-heading stk-block-heading--v2 stk-block stk-536ba9c\" id=\"aufklarung-im-sinne-des-art-13-des-legislativdekretes-nr-196-2003\" data-block-id=\"536ba9c\"><style>.stk-536ba9c{margin-bottom:5px !important}.stk-536ba9c .stk-block-heading__text{color:var(--theme-palette-color-5,#000000) !important}<\/style><h3 class=\"stk-block-heading__text has-text-color\">Aufkl\u00e4rung im Sinne des Art. 13 des Legislativdekretes Nr. 196\/2003<\/h3><\/div>\n\n\n\n<div class=\"wp-block-stackable-text stk-block-text stk-block stk-cfdd0f0\" data-block-id=\"cfdd0f0\"><style>.stk-cfdd0f0 .stk-block-text__text{color:var(--theme-palette-color-5,#000000) !important}@media screen and (max-width:759px){.stk-cfdd0f0{margin-bottom:30px !important}}<\/style><p class=\"stk-block-text__text has-text-color\">Das Dlvo Nr. 196\/2003 (italienischer Datenschutzkodex) sieht den Schutz\nvon Personen und anderen Subjekten bei der Verarbeitung der pers\u00f6nlichen\nDaten vor.\nIm Sinne des Gesetzes werden Ihre Daten von uns korrekt und vertraulich\nbehandelt. Im Sinne des Art. 13 des Dlvo Nr. 196\/2003 teilen wir Ihnen mit:\n1. Die von Ihnen erhobenen Daten werden f\u00fcr folgenden Zweck verwendet:\nZusendung von Informationsmaterialien\n2. Die Datenverarbeitung erfolgt auf folgende Art und Weise: digital\nund\/oder analog\n3. Die Aush\u00e4ndigung Ihrer Daten ist freiwillig.\n4. Ihre Daten werden nicht an Dritte weitergegeben, oder verbreitet.\n5. Der Tr\u00e4ger der Datenverarbeitung ist: Prenner Karin\n6. Der Verantwortliche der Datenverarbeitung ist: Prenner Karin\n7. Sie k\u00f6nnen jederzeit gegen\u00fcber den Tr\u00e4ger der Datenverarbeitung Ihre\nRechte im Sinne des Art. 7 des Dlvo 196\/2003 geltend machen, der an\ndieser Stelle vollinhaltlich wiedergegeben wird:<\/p><\/div>\n\n\n\n<div class=\"wp-block-stackable-heading stk-block-heading stk-block-heading--v2 stk-block stk-476751b\" id=\"legislativdekret-nr-196-2003-art-7-recht-auf-zugang-zu-den-personenbezogenen-daten-und-andere-rechte\" data-block-id=\"476751b\"><style>.stk-476751b{margin-bottom:5px !important}.stk-476751b .stk-block-heading__text{color:var(--theme-palette-color-5,#000000) !important}<\/style><h3 class=\"stk-block-heading__text has-text-color\">Legislativdekret Nr. 196\/2003, Art. 7 \u2013 Recht auf Zugang zu den personenbezogenen Daten und andere Rechte<\/h3><\/div>\n\n\n\n<div class=\"wp-block-stackable-text stk-block-text stk-block stk-6894b7a\" data-block-id=\"6894b7a\"><style>.stk-6894b7a .stk-block-text__text{color:var(--theme-palette-color-5,#000000) !important}<\/style><p class=\"stk-block-text__text has-text-color\">1. Die betrofene Person hat das Recht, Auskunft dar\u00fcber zu erhalten, ob\nDaten vorhanden sind, die sie betrefen, auch dann, wenn diese noch nicht\ngespeichert sind; sie hat ferner das Recht, dass ihr diese Daten in\nverst\u00e4ndlicher Form \u00fcbermittelt werden.\n2. Die betrofene Person hat das Recht auf Auskunft \u00fcber\na) die Herkunft der personenbezogenen Daten;\nb) den Zweck und die Modalit\u00e4ten der Verarbeitung;\nc) das angewandte System, falls die Daten elektronisch verarbeitet werden;\nd) die wichtigsten Daten zur Identifzierung des Rechtsinhabers, der Verantwortlichen und des im Sinne von Artikel 5 Absatz 2 namhaft\ngemachten Vertreters;\ne) die Personen oder Kategorien von Personen, denen die\npersonenbezogenen Daten \u00fcbermittelt werden k\u00f6nnen oder die als im\nStaatsgebiet namhaft gemachte Vertreter, als Verantwortliche oder als\nBeauftragte davon Kenntnis erlangen k\u00f6nnen.\n3. Die betrofene Person hat das Recht,\na) die Aktualisierung, die Berichtigung oder, sofern interessiert, die\nErg\u00e4nzung der Daten zu verlangen;\nb) zu verlangen, dass widerrechtlich verarbeitete Daten gel\u00f6scht,\nanonymisiert oder gesperrt werden; dies gilt auch f\u00fcr Daten, deren\nAufbewahrung f\u00fcr die Zwecke, f\u00fcr die sie erhoben oder sp\u00e4ter verarbeitet\nwurden, nicht erforderlich ist;\nc) eine Best\u00e4tigung dar\u00fcber zu erhalten, dass die unter den Buchstaben a)\nund b) angegebenen Vorg\u00e4nge, auch was ihren Inhalt betrift, jenen\nmitgeteilt wurden, denen die Daten \u00fcbermittelt oder bei denen sie\nverbreitet wurden, sofern sich dies nicht als unm\u00f6glich erweist oder der\nAufwand an Mitteln im Verh\u00e4ltnis zum gesch\u00fctzten Recht unvertretbar gro\u00df\nw\u00e4re.\n4. Die betrofene Person hat das Recht, sich ganz oder teilweise\na. der Verarbeitung personenbezogener Daten, die sie betrefen, aus\nlegitimen Gr\u00fcnden zu widersetzen, auch wenn diese Daten dem Zweck der\nSammlung entsprechen;\nb. der Verarbeitung personenbezogener Daten, die sie betrefen, zu\nwidersetzen, wenn diese Verarbeitung zum Zwecke des Versands von\nWerbematerial oder des Direktverkaufs, zur Markt- oder Meinungsforschung\noder zur Handelsinformation erfolgt.<\/p><\/div>\n<\/div><\/div><\/div>\n<\/div><\/div>","protected":false},"excerpt":{"rendered":"<p>Datenschutzaufkl\u00e4rung Aufkl\u00e4rung im Sinne des Art. 13 des Legislativdekretes Nr. 196\/2003 Das Dlvo Nr. 196\/2003 (italienischer Datenschutzkodex) sieht den Schutz von Personen und anderen Subjekten bei der Verarbeitung der pers\u00f6nlichen Daten vor. Im Sinne des Gesetzes werden Ihre Daten von uns korrekt und vertraulich behandelt. Im Sinne des Art. 13 des Dlvo Nr. 196\/2003 teilen [&hellip;]<\/p>\n","protected":false},"author":2,"featured_media":0,"parent":0,"menu_order":0,"comment_status":"closed","ping_status":"closed","template":"","meta":{"footnotes":""},"class_list":["post-2188","page","type-page","status-publish","hentry"],"blocksy_meta":{"has_hero_section":"disabled","disable_featured_image":"yes","disable_share_box":"yes","styles_descriptor":{"styles":{"desktop":"","tablet":"","mobile":""},"google_fonts":[],"version":6}},"yoast_head":"<!-- This site is optimized with the Yoast SEO plugin v27.2 - https:\/\/yoast.com\/product\/yoast-seo-wordpress\/ -->\n<title>Rechtliches\u00a0AGB - Giernhof am Reschensee<\/title>\n<meta name=\"robots\" content=\"index, follow, max-snippet:-1, max-image-preview:large, max-video-preview:-1\" \/>\n<link rel=\"canonical\" href=\"https:\/\/giernhof.com\/it\/rechtliches-agb\/\" \/>\n<meta property=\"og:locale\" content=\"it_IT\" \/>\n<meta property=\"og:type\" content=\"article\" \/>\n<meta property=\"og:title\" content=\"Rechtliches\u00a0AGB - Giernhof am Reschensee\" \/>\n<meta property=\"og:description\" content=\"Datenschutzaufkl\u00e4rung Aufkl\u00e4rung im Sinne des Art. 13 des Legislativdekretes Nr. 196\/2003 Das Dlvo Nr. 196\/2003 (italienischer Datenschutzkodex) sieht den Schutz von Personen und anderen Subjekten bei der Verarbeitung der pers\u00f6nlichen Daten vor. Im Sinne des Gesetzes werden Ihre Daten von uns korrekt und vertraulich behandelt. Im Sinne des Art. 13 des Dlvo Nr. 196\/2003 teilen [&hellip;]\" \/>\n<meta property=\"og:url\" content=\"https:\/\/giernhof.com\/it\/rechtliches-agb\/\" \/>\n<meta property=\"og:site_name\" content=\"Giernhof am Reschensee\" \/>\n<meta property=\"article:publisher\" content=\"https:\/\/www.facebook.com\/giernhof\/\" \/>\n<meta property=\"article:modified_time\" content=\"2024-05-03T19:51:57+00:00\" \/>\n<meta name=\"twitter:card\" content=\"summary_large_image\" \/>\n<meta name=\"twitter:label1\" content=\"Tempo di lettura stimato\" \/>\n\t<meta name=\"twitter:data1\" content=\"2 minuti\" \/>\n<script type=\"application\/ld+json\" class=\"yoast-schema-graph\">{\"@context\":\"https:\/\/schema.org\",\"@graph\":[{\"@type\":\"WebPage\",\"@id\":\"https:\/\/giernhof.com\/it\/rechtliches-agb\/\",\"url\":\"https:\/\/giernhof.com\/it\/rechtliches-agb\/\",\"name\":\"Rechtliches\u00a0AGB - Giernhof am Reschensee\",\"isPartOf\":{\"@id\":\"https:\/\/giernhof.com\/it\/#website\"},\"datePublished\":\"2024-05-03T19:44:20+00:00\",\"dateModified\":\"2024-05-03T19:51:57+00:00\",\"breadcrumb\":{\"@id\":\"https:\/\/giernhof.com\/it\/rechtliches-agb\/#breadcrumb\"},\"inLanguage\":\"it-IT\",\"potentialAction\":[{\"@type\":\"ReadAction\",\"target\":[\"https:\/\/giernhof.com\/it\/rechtliches-agb\/\"]}]},{\"@type\":\"BreadcrumbList\",\"@id\":\"https:\/\/giernhof.com\/it\/rechtliches-agb\/#breadcrumb\",\"itemListElement\":[{\"@type\":\"ListItem\",\"position\":1,\"name\":\"Startseite\",\"item\":\"https:\/\/giernhof.com\/\"},{\"@type\":\"ListItem\",\"position\":2,\"name\":\"Rechtliches\u00a0AGB\"}]},{\"@type\":\"WebSite\",\"@id\":\"https:\/\/giernhof.com\/it\/#website\",\"url\":\"https:\/\/giernhof.com\/it\/\",\"name\":\"Giernhof am Reschensee\",\"description\":\"Erlebnisreicher Urlaub in idyllischer Bergkulisse\",\"publisher\":{\"@id\":\"https:\/\/giernhof.com\/it\/#organization\"},\"potentialAction\":[{\"@type\":\"SearchAction\",\"target\":{\"@type\":\"EntryPoint\",\"urlTemplate\":\"https:\/\/giernhof.com\/it\/?s={search_term_string}\"},\"query-input\":{\"@type\":\"PropertyValueSpecification\",\"valueRequired\":true,\"valueName\":\"search_term_string\"}}],\"inLanguage\":\"it-IT\"},{\"@type\":\"Organization\",\"@id\":\"https:\/\/giernhof.com\/it\/#organization\",\"name\":\"Giernhof am Reschensee\",\"url\":\"https:\/\/giernhof.com\/it\/\",\"logo\":{\"@type\":\"ImageObject\",\"inLanguage\":\"it-IT\",\"@id\":\"https:\/\/giernhof.com\/it\/#\/schema\/logo\/image\/\",\"url\":\"https:\/\/giernhof.com\/wp-content\/uploads\/2024\/10\/favicon-giernhof-1.png\",\"contentUrl\":\"https:\/\/giernhof.com\/wp-content\/uploads\/2024\/10\/favicon-giernhof-1.png\",\"width\":512,\"height\":512,\"caption\":\"Giernhof am Reschensee\"},\"image\":{\"@id\":\"https:\/\/giernhof.com\/it\/#\/schema\/logo\/image\/\"},\"sameAs\":[\"https:\/\/www.facebook.com\/giernhof\/\",\"https:\/\/www.instagram.com\/giernhof\"]}]}<\/script>\n<!-- \/ Yoast SEO plugin. -->","yoast_head_json":{"title":"Rechtliches\u00a0AGB - Giernhof am Reschensee","robots":{"index":"index","follow":"follow","max-snippet":"max-snippet:-1","max-image-preview":"max-image-preview:large","max-video-preview":"max-video-preview:-1"},"canonical":"https:\/\/giernhof.com\/it\/rechtliches-agb\/","og_locale":"it_IT","og_type":"article","og_title":"Rechtliches\u00a0AGB - Giernhof am Reschensee","og_description":"Datenschutzaufkl\u00e4rung Aufkl\u00e4rung im Sinne des Art. 13 des Legislativdekretes Nr. 196\/2003 Das Dlvo Nr. 196\/2003 (italienischer Datenschutzkodex) sieht den Schutz von Personen und anderen Subjekten bei der Verarbeitung der pers\u00f6nlichen Daten vor. Im Sinne des Gesetzes werden Ihre Daten von uns korrekt und vertraulich behandelt. Im Sinne des Art. 13 des Dlvo Nr. 196\/2003 teilen [&hellip;]","og_url":"https:\/\/giernhof.com\/it\/rechtliches-agb\/","og_site_name":"Giernhof am Reschensee","article_publisher":"https:\/\/www.facebook.com\/giernhof\/","article_modified_time":"2024-05-03T19:51:57+00:00","twitter_card":"summary_large_image","twitter_misc":{"Tempo di lettura stimato":"2 minuti"},"schema":{"@context":"https:\/\/schema.org","@graph":[{"@type":"WebPage","@id":"https:\/\/giernhof.com\/it\/rechtliches-agb\/","url":"https:\/\/giernhof.com\/it\/rechtliches-agb\/","name":"Rechtliches\u00a0AGB - Giernhof am Reschensee","isPartOf":{"@id":"https:\/\/giernhof.com\/it\/#website"},"datePublished":"2024-05-03T19:44:20+00:00","dateModified":"2024-05-03T19:51:57+00:00","breadcrumb":{"@id":"https:\/\/giernhof.com\/it\/rechtliches-agb\/#breadcrumb"},"inLanguage":"it-IT","potentialAction":[{"@type":"ReadAction","target":["https:\/\/giernhof.com\/it\/rechtliches-agb\/"]}]},{"@type":"BreadcrumbList","@id":"https:\/\/giernhof.com\/it\/rechtliches-agb\/#breadcrumb","itemListElement":[{"@type":"ListItem","position":1,"name":"Startseite","item":"https:\/\/giernhof.com\/"},{"@type":"ListItem","position":2,"name":"Rechtliches\u00a0AGB"}]},{"@type":"WebSite","@id":"https:\/\/giernhof.com\/it\/#website","url":"https:\/\/giernhof.com\/it\/","name":"Giernhof am Reschensee","description":"Una vacanza ricca di eventi in un ambiente naturalistico","publisher":{"@id":"https:\/\/giernhof.com\/it\/#organization"},"potentialAction":[{"@type":"SearchAction","target":{"@type":"EntryPoint","urlTemplate":"https:\/\/giernhof.com\/it\/?s={search_term_string}"},"query-input":{"@type":"PropertyValueSpecification","valueRequired":true,"valueName":"search_term_string"}}],"inLanguage":"it-IT"},{"@type":"Organization","@id":"https:\/\/giernhof.com\/it\/#organization","name":"Giernhof am Reschensee","url":"https:\/\/giernhof.com\/it\/","logo":{"@type":"ImageObject","inLanguage":"it-IT","@id":"https:\/\/giernhof.com\/it\/#\/schema\/logo\/image\/","url":"https:\/\/giernhof.com\/wp-content\/uploads\/2024\/10\/favicon-giernhof-1.png","contentUrl":"https:\/\/giernhof.com\/wp-content\/uploads\/2024\/10\/favicon-giernhof-1.png","width":512,"height":512,"caption":"Giernhof am Reschensee"},"image":{"@id":"https:\/\/giernhof.com\/it\/#\/schema\/logo\/image\/"},"sameAs":["https:\/\/www.facebook.com\/giernhof\/","https:\/\/www.instagram.com\/giernhof"]}]}},"_links":{"self":[{"href":"https:\/\/giernhof.com\/it\/wp-json\/wp\/v2\/pages\/2188","targetHints":{"allow":["GET"]}}],"collection":[{"href":"https:\/\/giernhof.com\/it\/wp-json\/wp\/v2\/pages"}],"about":[{"href":"https:\/\/giernhof.com\/it\/wp-json\/wp\/v2\/types\/page"}],"author":[{"embeddable":true,"href":"https:\/\/giernhof.com\/it\/wp-json\/wp\/v2\/users\/2"}],"replies":[{"embeddable":true,"href":"https:\/\/giernhof.com\/it\/wp-json\/wp\/v2\/comments?post=2188"}],"version-history":[{"count":7,"href":"https:\/\/giernhof.com\/it\/wp-json\/wp\/v2\/pages\/2188\/revisions"}],"predecessor-version":[{"id":2199,"href":"https:\/\/giernhof.com\/it\/wp-json\/wp\/v2\/pages\/2188\/revisions\/2199"}],"wp:attachment":[{"href":"https:\/\/giernhof.com\/it\/wp-json\/wp\/v2\/media?parent=2188"}],"curies":[{"name":"wp","href":"https:\/\/api.w.org\/{rel}","templated":true}]}}